{"id":408,"date":"2017-04-14T15:25:25","date_gmt":"2017-04-14T15:25:25","guid":{"rendered":"http:\/\/practic-llum.com\/?page_id=408"},"modified":"2018-05-15T15:55:33","modified_gmt":"2018-05-15T13:55:33","slug":"led","status":"publish","type":"page","link":"http:\/\/practic-llum.com\/ac\/productos\/bombillas\/led\/","title":{"rendered":"LED"},"content":{"rendered":"<div class=\"wpb-content-wrapper\"><p>[vc_row row_type=&#8221;row&#8221; use_row_as_full_screen_section=&#8221;no&#8221; type=&#8221;grid&#8221; angled_section=&#8221;no&#8221; text_align=&#8221;center&#8221; background_image_as_pattern=&#8221;without_pattern&#8221; css_animation=&#8221;&#8221;][vc_column][vc_separator type=&#8221;small&#8221; position=&#8221;center&#8221;][vc_column_text]<\/p>\n<h2 class=\"subtitle\" style=\"text-align: center;\">Les bombetes Led consumeixen poc i duren molts anys, aconseguint un major estalvi i una millor efici\u00e8ncia energ\u00e8tica.<\/h2>\n<h2 class=\"subtitle\" style=\"text-align: center;\"><span style=\"color: #000000;\">\u00a0<\/span><\/h2>\n<p>[\/vc_column_text][vc_separator type=&#8221;small&#8221; position=&#8221;center&#8221;][vc_column_text]<\/p>\n<h4 class=\"subtitle\" style=\"text-align: center;\"><span style=\"color: #000000;\">No utilitzen filferro, gas, filaments, o halogen en el seu interior, sin\u00f3 tan sols un xip que les fa deu cops m\u00e9s eficients, allargant la seva durada fins ferla superior a qualsevol altra actualment.<\/span><\/h4>\n<h4 class=\"subtitle\" style=\"text-align: center;\"><span style=\"color: #000000;\">\u00a0<\/span><\/h4>\n<p>[\/vc_column_text][\/vc_column][\/vc_row][vc_row row_type=&#8221;row&#8221; use_row_as_full_screen_section=&#8221;no&#8221; type=&#8221;full_width&#8221; angled_section=&#8221;no&#8221; text_align=&#8221;left&#8221; background_image_as_pattern=&#8221;without_pattern&#8221; css_animation=&#8221;&#8221;][vc_column][vc_separator type=&#8221;transparent&#8221; up=&#8221;4&#8243; down=&#8221;0&#8243;][vc_separator type=&#8221;transparent&#8221; up=&#8221;4&#8243; down=&#8221;0&#8243;][vc_gallery type=&#8221;image_grid&#8221; images=&#8221;1393,1394,1395,1396,1397,1398,1399,1400,1401,1402&#8243; img_size=&#8221;large&#8221; column_number=&#8221;5&#8243; grayscale=&#8221;no&#8221; images_space=&#8221;gallery_with_space&#8221;][\/vc_column][\/vc_row]<\/p>\n<\/div>","protected":false},"excerpt":{"rendered":"<p>[vc_row row_type=&#8221;row&#8221; use_row_as_full_screen_section=&#8221;no&#8221; type=&#8221;grid&#8221; angled_section=&#8221;no&#8221; text_align=&#8221;center&#8221; background_image_as_pattern=&#8221;without_pattern&#8221; css_animation=&#8221;&#8221;][vc_column][vc_separator type=&#8221;small&#8221; position=&#8221;center&#8221;][vc_column_text] Les bombetes Led consumeixen poc i duren molts anys, aconseguint un major estalvi i una millor efici\u00e8ncia energ\u00e8tica. \u00a0 [\/vc_column_text][vc_separator type=&#8221;small&#8221; position=&#8221;center&#8221;][vc_column_text] No utilitzen filferro, gas, filaments, o halogen en el seu interior, sin\u00f3 tan&#8230;<\/p>\n","protected":false},"author":1,"featured_media":0,"parent":405,"menu_order":0,"comment_status":"closed","ping_status":"open","template":"full_width.php","meta":{"footnotes":""},"class_list":["post-408","page","type-page","status-publish","hentry"],"translation":{"provider":"WPGlobus","version":"3.0.2","language":"ac","enabled_languages":["es","ac"],"languages":{"es":{"title":true,"content":true,"excerpt":false},"ac":{"title":true,"content":true,"excerpt":false}}},"yoast_head":"<!-- This site is optimized with the Yoast SEO plugin v27.2 - https:\/\/yoast.com\/product\/yoast-seo-wordpress\/ -->\n<title>LED - Pr\u00e0ctic-Llum<\/title>\n<meta name=\"robots\" content=\"index, follow, max-snippet:-1, max-image-preview:large, max-video-preview:-1\" \/>\n<link rel=\"canonical\" href=\"http:\/\/practic-llum.com\/ac\/productos\/bombillas\/led\/\" \/>\n<meta property=\"og:locale\" content=\"ca_ES\" \/>\n<meta property=\"og:type\" content=\"article\" \/>\n<meta property=\"og:title\" content=\"LED - Pr\u00e0ctic-Llum\" \/>\n<meta property=\"og:url\" content=\"http:\/\/practic-llum.com\/ac\/productos\/bombillas\/led\/\" \/>\n<meta property=\"og:site_name\" content=\"Pr\u00e0ctic-Llum\" \/>\n<meta property=\"article:publisher\" content=\"https:\/\/www.facebook.com\/practicllumiluminacion\" \/>\n<meta property=\"article:modified_time\" content=\"2018-05-15T13:55:33+00:00\" \/>\n<meta name=\"twitter:card\" content=\"summary_large_image\" \/>\n<meta name=\"twitter:site\" content=\"@PRACTICLLUM\" \/>\n<meta name=\"twitter:label1\" content=\"Est. reading time\" \/>\n\t<meta name=\"twitter:data1\" content=\"2 minutes\" \/>\n<script type=\"application\/ld+json\" class=\"yoast-schema-graph\">{\"@context\":\"https:\/\/schema.org\",\"@graph\":[{\"@type\":\"WebPage\",\"@id\":\"http:\/\/practic-llum.com\/ac\/productos\/bombillas\/led\/\",\"url\":\"http:\/\/practic-llum.com\/ac\/productos\/bombillas\/led\/\",\"name\":\"LED - Pr\u00e0ctic-Llum\",\"isPartOf\":{\"@id\":\"http:\/\/practic-llum.com\/#website\"},\"datePublished\":\"2017-04-14T15:25:25+00:00\",\"dateModified\":\"2018-05-15T13:55:33+00:00\",\"description\":\"led\",\"breadcrumb\":{\"@id\":\"http:\/\/practic-llum.com\/ac\/productos\/bombillas\/led\/#breadcrumb\"},\"inLanguage\":\"ca-ES\",\"potentialAction\":[{\"@type\":\"ReadAction\",\"target\":[\"http:\/\/practic-llum.com\/ac\/productos\/bombillas\/led\/\"]}]},{\"@type\":\"BreadcrumbList\",\"@id\":\"http:\/\/practic-llum.com\/ac\/productos\/bombillas\/led\/#breadcrumb\",\"itemListElement\":[{\"@type\":\"ListItem\",\"position\":1,\"name\":\"Portada\",\"item\":\"http:\/\/practic-llum.com\/\"},{\"@type\":\"ListItem\",\"position\":2,\"name\":\"PRODUCTES\",\"item\":\"http:\/\/practic-llum.com\/ac\/productos\/\"},{\"@type\":\"ListItem\",\"position\":3,\"name\":\"Bombetes\",\"item\":\"http:\/\/practic-llum.com\/ac\/productos\/bombillas\/\"},{\"@type\":\"ListItem\",\"position\":4,\"name\":\"LED\"}]},{\"@type\":\"WebSite\",\"@id\":\"http:\/\/practic-llum.com\/#website\",\"url\":\"http:\/\/practic-llum.com\/\",\"name\":\"Practic-llum.com\",\"description\":\"A Pr\u00e0ctic-llum som especialistes en il\u00b7luminaci\u00f3, oferim a Lleida la major varietat de llums decoratives i material el\u00e8ctric. Disposem d\u2019una \u00e0mplia varietat d\u2019articles de les millors marques del mercat, amb totes les novetats tecnol\u00f2giques i les \u00faltimes tend\u00e8ncies de l\u2019any. Els nostres productes van dirigdos a l\u2019estalvi energ\u00e8tic ia la protecci\u00f3 del medi ambient.\",\"publisher\":{\"@id\":\"http:\/\/practic-llum.com\/#organization\"},\"potentialAction\":[{\"@type\":\"SearchAction\",\"target\":{\"@type\":\"EntryPoint\",\"urlTemplate\":\"http:\/\/practic-llum.com\/?s={search_term_string}\"},\"query-input\":{\"@type\":\"PropertyValueSpecification\",\"valueRequired\":true,\"valueName\":\"search_term_string\"}}],\"inLanguage\":\"ca-ES\"},{\"@type\":\"Organization\",\"@id\":\"http:\/\/practic-llum.com\/#organization\",\"name\":\"PRACTIC-LLUM\",\"url\":\"http:\/\/practic-llum.com\/\",\"logo\":{\"@type\":\"ImageObject\",\"inLanguage\":\"ca-ES\",\"@id\":\"http:\/\/practic-llum.com\/#\/schema\/logo\/image\/\",\"url\":\"http:\/\/practic-llum.com\/wp-content\/uploads\/2017\/05\/logo-banner-principal.jpg\",\"contentUrl\":\"http:\/\/practic-llum.com\/wp-content\/uploads\/2017\/05\/logo-banner-principal.jpg\",\"width\":1240,\"height\":668,\"caption\":\"PRACTIC-LLUM\"},\"image\":{\"@id\":\"http:\/\/practic-llum.com\/#\/schema\/logo\/image\/\"},\"sameAs\":[\"https:\/\/www.facebook.com\/practicllumiluminacion\",\"https:\/\/x.com\/PRACTICLLUM\",\"https:\/\/www.instagram.com\/practicllum\/\",\"https:\/\/www.linkedin.com\/company\/10390022\/admin\/updates\/\"]}]}<\/script>\n<!-- \/ Yoast SEO plugin. -->","yoast_head_json":{"title":"LED - Pr\u00e0ctic-Llum","robots":{"index":"index","follow":"follow","max-snippet":"max-snippet:-1","max-image-preview":"max-image-preview:large","max-video-preview":"max-video-preview:-1"},"canonical":"http:\/\/practic-llum.com\/ac\/productos\/bombillas\/led\/","og_locale":"ca_ES","og_type":"article","og_title":"LED - Pr\u00e0ctic-Llum","og_url":"http:\/\/practic-llum.com\/ac\/productos\/bombillas\/led\/","og_site_name":"Pr\u00e0ctic-Llum","article_publisher":"https:\/\/www.facebook.com\/practicllumiluminacion","article_modified_time":"2018-05-15T13:55:33+00:00","twitter_card":"summary_large_image","twitter_site":"@PRACTICLLUM","twitter_misc":{"Est. reading time":"2 minutes"},"schema":{"@context":"https:\/\/schema.org","@graph":[{"@type":"WebPage","@id":"http:\/\/practic-llum.com\/ac\/productos\/bombillas\/led\/","url":"http:\/\/practic-llum.com\/ac\/productos\/bombillas\/led\/","name":"LED - Pr\u00e0ctic-Llum","isPartOf":{"@id":"http:\/\/practic-llum.com\/#website"},"datePublished":"2017-04-14T15:25:25+00:00","dateModified":"2018-05-15T13:55:33+00:00","description":"led","breadcrumb":{"@id":"http:\/\/practic-llum.com\/ac\/productos\/bombillas\/led\/#breadcrumb"},"inLanguage":"ca-ES","potentialAction":[{"@type":"ReadAction","target":["http:\/\/practic-llum.com\/ac\/productos\/bombillas\/led\/"]}]},{"@type":"BreadcrumbList","@id":"http:\/\/practic-llum.com\/ac\/productos\/bombillas\/led\/#breadcrumb","itemListElement":[{"@type":"ListItem","position":1,"name":"Portada","item":"http:\/\/practic-llum.com\/"},{"@type":"ListItem","position":2,"name":"PRODUCTES","item":"http:\/\/practic-llum.com\/ac\/productos\/"},{"@type":"ListItem","position":3,"name":"Bombetes","item":"http:\/\/practic-llum.com\/ac\/productos\/bombillas\/"},{"@type":"ListItem","position":4,"name":"LED"}]},{"@type":"WebSite","@id":"http:\/\/practic-llum.com\/#website","url":"http:\/\/practic-llum.com\/","name":"Practic-llum.com","description":"A Pr\u00e0ctic-llum som especialistes en il\u00b7luminaci\u00f3, oferim a Lleida la major varietat de llums decoratives i material el\u00e8ctric. Disposem d\u2019una \u00e0mplia varietat d\u2019articles de les millors marques del mercat, amb totes les novetats tecnol\u00f2giques i les \u00faltimes tend\u00e8ncies de l\u2019any. Els nostres productes van dirigdos a l\u2019estalvi energ\u00e8tic ia la protecci\u00f3 del medi ambient.","publisher":{"@id":"http:\/\/practic-llum.com\/#organization"},"potentialAction":[{"@type":"SearchAction","target":{"@type":"EntryPoint","urlTemplate":"http:\/\/practic-llum.com\/?s={search_term_string}"},"query-input":{"@type":"PropertyValueSpecification","valueRequired":true,"valueName":"search_term_string"}}],"inLanguage":"ca-ES"},{"@type":"Organization","@id":"http:\/\/practic-llum.com\/#organization","name":"PRACTIC-LLUM","url":"http:\/\/practic-llum.com\/","logo":{"@type":"ImageObject","inLanguage":"ca-ES","@id":"http:\/\/practic-llum.com\/#\/schema\/logo\/image\/","url":"http:\/\/practic-llum.com\/wp-content\/uploads\/2017\/05\/logo-banner-principal.jpg","contentUrl":"http:\/\/practic-llum.com\/wp-content\/uploads\/2017\/05\/logo-banner-principal.jpg","width":1240,"height":668,"caption":"PRACTIC-LLUM"},"image":{"@id":"http:\/\/practic-llum.com\/#\/schema\/logo\/image\/"},"sameAs":["https:\/\/www.facebook.com\/practicllumiluminacion","https:\/\/x.com\/PRACTICLLUM","https:\/\/www.instagram.com\/practicllum\/","https:\/\/www.linkedin.com\/company\/10390022\/admin\/updates\/"]}]}},"_links":{"self":[{"href":"http:\/\/practic-llum.com\/ac\/wp-json\/wp\/v2\/pages\/408","targetHints":{"allow":["GET"]}}],"collection":[{"href":"http:\/\/practic-llum.com\/ac\/wp-json\/wp\/v2\/pages"}],"about":[{"href":"http:\/\/practic-llum.com\/ac\/wp-json\/wp\/v2\/types\/page"}],"author":[{"embeddable":true,"href":"http:\/\/practic-llum.com\/ac\/wp-json\/wp\/v2\/users\/1"}],"replies":[{"embeddable":true,"href":"http:\/\/practic-llum.com\/ac\/wp-json\/wp\/v2\/comments?post=408"}],"version-history":[{"count":5,"href":"http:\/\/practic-llum.com\/ac\/wp-json\/wp\/v2\/pages\/408\/revisions"}],"predecessor-version":[{"id":2127,"href":"http:\/\/practic-llum.com\/ac\/wp-json\/wp\/v2\/pages\/408\/revisions\/2127"}],"up":[{"embeddable":true,"href":"http:\/\/practic-llum.com\/ac\/wp-json\/wp\/v2\/pages\/405"}],"wp:attachment":[{"href":"http:\/\/practic-llum.com\/ac\/wp-json\/wp\/v2\/media?parent=408"}],"curies":[{"name":"wp","href":"https:\/\/api.w.org\/{rel}","templated":true}]}}