{"id":2166,"date":"2018-05-24T19:56:04","date_gmt":"2018-05-24T17:56:04","guid":{"rendered":"http:\/\/practic-llum.com\/?page_id=2166"},"modified":"2018-05-24T19:58:57","modified_gmt":"2018-05-24T17:58:57","slug":"politica-de-privacidad","status":"publish","type":"page","link":"http:\/\/practic-llum.com\/ac\/politica-de-privacidad\/","title":{"rendered":"politica de privacidad"},"content":{"rendered":"<div class=\"wpb-content-wrapper\"><p>[vc_row row_type=&#8221;row&#8221; use_row_as_full_screen_section=&#8221;no&#8221; type=&#8221;full_width&#8221; angled_section=&#8221;no&#8221; text_align=&#8221;left&#8221; background_image_as_pattern=&#8221;without_pattern&#8221; css_animation=&#8221;&#8221;][vc_column width=&#8221;1\/6&#8243;][\/vc_column][vc_column width=&#8221;2\/3&#8243;][vc_column_text]<\/p>\n<h4>Sin duda te preocupa, al menos un poquillo, qu\u00e9 pasar\u00e1 con tus datos personales si decides compartirlos en este sitio web.<\/h4>\n<p>&nbsp;<\/p>\n<h4>Puedes estar tranquilo ya que tus datos est\u00e1n bien protegiditos con nosotros.<\/h4>\n<p>&nbsp;<\/p>\n<h3>REGISTRO DE DATOS<\/h3>\n<p>&nbsp;<\/p>\n<h4>Esto es para informarte como usuario de la Pol\u00edtica General de Privacidad y Protecci\u00f3n de Datos Personales de practic-llum.com<\/h4>\n<p>&nbsp;<\/p>\n<h4>Lo primero que debes saber es que esta Pol\u00edtica de Privacidad podr\u00eda variar en funci\u00f3n de exigencias legislativas o de autorregulaci\u00f3n.<\/h4>\n<p>&nbsp;<\/p>\n<h4>Tus datos ser\u00e1n tratados \u00fanica y exclusivamente para dar respuesta a la pregunta o petici\u00f3n que nos hagas llegar y, en su caso, para gestionar nuestra relaci\u00f3n profesional contigo como cliente.<\/h4>\n<p>&nbsp;<\/p>\n<h4>Al utilizar los formularios de contacto, ver\u00e1s que algunos campos, como el nombre o el e-mail tienen la marca de un asterisco (*); esto significa que esos campos son obligatorios y el formulario no podr\u00e1 ser enviado si dejas esos campos en blanco. Como en cualquier otro sitio de bien, en cualquier momento puedes\u00a0ejercer tus derechos de acceso, rectificaci\u00f3n, cancelaci\u00f3n y oposici\u00f3n mediante un escrito dirigido a la direcci\u00f3n que ver\u00e1s un poquito m\u00e1s abajo, siguiendo las formalidades impuestas por la\u00a0Ley Org\u00e1nica 15\/1999, de 13 de diciembre, de Protecci\u00f3n de Datos de Car\u00e1cter Personal y su Reglamento de Desarrollo.<\/h4>\n<h4>Siguiendo las formalidades impuestas por la Ley Org\u00e1nica 15\/1999, de 13 de diciembre, de Protecci\u00f3n de Datos de Car\u00e1cter Personal y la RGPD UE 2016\/679 de 27 de Abril de 2016. siguiendo las formalidades impuestas por la Ley Org\u00e1nica 15\/1999, de 13 de diciembre, de Protecci\u00f3n de Datos de Car\u00e1cter Personal y la RGPD UE 2016\/679 de 27 de Abril de 2016.<\/h4>\n<p>&nbsp;<\/p>\n<h4>Todo esto implica\u00a0 que si no facilitas\u00a0los datos personales solicitados o no aceptas\u00a0la presente pol\u00edtica de privacidad no ser\u00e1 posible suscribirte\u00a0y procesar las solicitudes realizadas a nuestr<strong>a web.<br \/>\n<\/strong><\/h4>\n<p>&nbsp;<\/p>\n<h3>USO Y TRATO DE LOS DATOS<\/h3>\n<p>&nbsp;<\/p>\n<h4>De ninguna forma haremos\u00a0un uso diferente de tu informaci\u00f3n personal a lo que aqu\u00ed te contamos, como tampoco compartiremos nunca tus datos de usuario con terceros.<\/h4>\n<p>&nbsp;<\/p>\n<h3>SECRETO Y SEGURIDAD DE LOS DATOS<\/h3>\n<p>&nbsp;<\/p>\n<h4>Nos comprometemos con el cumplimiento de la obligaci\u00f3n de secreto de los datos de car\u00e1cter personal y el deber de guardarlos y\u00a0 garantia de la seguridad de los datos de car\u00e1cter personal y evitar su alteraci\u00f3n, p\u00e9rdida, tratamiento o acceso no autorizado, habida cuenta del estado de la tecnolog\u00eda, de acuerdo con lo establecido por el RLOPD.<\/h4>\n<p>&nbsp;<\/p>\n<h4>No podemos garantizar la absoluta inexpugnabilidad de la red de Internet. Existe el riesgo (m\u00ednimo, pero riesgo) de violaci\u00f3n de los datos mediante accesos fraudulentos a ellos por parte de otros.<\/h4>\n<p>&nbsp;<\/p>\n<h3>NAVEGACI\u00d3N<\/h3>\n<p>&nbsp;<\/p>\n<h4>Al navegar por nuestras p\u00e1ginas webs, los servidores de Internet almacenar\u00e1n tu direcci\u00f3n IP en los logs de acceso de forma autom\u00e1tica y con la \u00fanica finalidad de permitir el tr\u00e1nsito por Internet, por lo que es necesario que tu equipo facilite esta direcci\u00f3n IP cuando navega por\u00a0la Red para que las comunicaciones puedan realizarse. Adem\u00e1s, tu direcci\u00f3n IP se utilizar\u00e1\u00a0para realizar estad\u00edsticas sobre el n\u00famero de visitantes de esta web y su procedencia, de forma totalmente transparente.<\/h4>\n<p>&nbsp;<\/p>\n<h3>RECTIFICACI\u00d3N, CANCELACI\u00d3N U OPOSICI\u00d3N<\/h3>\n<p>&nbsp;<\/p>\n<h4>Como usuario, podr\u00e1s dirigir sus comunicaciones y ejercitar tus derechos de acceso, rectificaci\u00f3n, cancelaci\u00f3n y oposici\u00f3n a trav\u00e9s de correo electr\u00f3nico, escribiendo a esta direcci\u00f3n: practic@practic-llum.com junto con prueba v\u00e1lida en derecho, como fotocopia del D.N.I. o equivalente, indicando en el asunto \u201cPROTECCI\u00d3N DE DATOS\u201d.<\/h4>\n<p>&nbsp;<\/p>\n<h4>Si quieres darte de baja, puedes enviarnos un e-mail y te daremos de baja sin ponerte las cosas dif\u00edciles. Por otra parte, si eres suscriptor, en todos los correos que recibas por nuestra parte, siempre tendr\u00e1s un enlace al final del mismo donde podr\u00e1s cancelar la suscripci\u00f3n y dejar de recibir comunicaciones.<\/h4>\n<p>&nbsp;<\/p>\n<h3>ACEPTACI\u00d3N Y CONSENTIMIENTO<\/h3>\n<p>&nbsp;<\/p>\n<h4>Como usuario, declaras haber sido informado de las condiciones sobre protecci\u00f3n de datos de car\u00e1cter personal, aceptando y consintiendo el tratamiento de los mismos por parte de practic-llum.com, en la forma y para las finalidades indicadas en la presente Pol\u00edtica de Privacidad.<\/h4>\n<p>&nbsp;<\/p>\n<h3>CORREOS COMERCIALES<\/h3>\n<p>&nbsp;<\/p>\n<h4>De acuerdo con la LSSICE, en practic-llum.com, <strong>no realizamos pr\u00e1cticas de SPAM.\u00a0<\/strong><\/h4>\n<p>&nbsp;<\/p>\n<h4>As\u00ed que no enviamos correos comerciales por v\u00eda electr\u00f3nica que no hayan sido previamente solicitados o autorizados por ti.<\/h4>\n<p>[\/vc_column_text][\/vc_column][vc_column width=&#8221;1\/6&#8243;][\/vc_column][\/vc_row]<\/p>\n<\/div>","protected":false},"excerpt":{"rendered":"<p>[vc_row row_type=&#8221;row&#8221; use_row_as_full_screen_section=&#8221;no&#8221; type=&#8221;full_width&#8221; angled_section=&#8221;no&#8221; text_align=&#8221;left&#8221; background_image_as_pattern=&#8221;without_pattern&#8221; css_animation=&#8221;&#8221;][vc_column width=&#8221;1\/6&#8243;][\/vc_column][vc_column width=&#8221;2\/3&#8243;][vc_column_text] Sin duda te preocupa, al menos un poquillo, qu\u00e9 pasar\u00e1 con tus datos personales si decides compartirlos en este sitio web. &nbsp; Puedes estar tranquilo ya que tus datos est\u00e1n bien protegiditos con nosotros. &nbsp;&#8230;<\/p>\n","protected":false},"author":1,"featured_media":0,"parent":0,"menu_order":0,"comment_status":"closed","ping_status":"closed","template":"","meta":{"footnotes":""},"class_list":["post-2166","page","type-page","status-publish","hentry"],"translation":{"provider":"WPGlobus","version":"3.0.2","language":"ac","enabled_languages":["es","ac"],"languages":{"es":{"title":true,"content":true,"excerpt":false},"ac":{"title":false,"content":false,"excerpt":false}}},"yoast_head":"<!-- This site is optimized with the Yoast SEO plugin v27.2 - https:\/\/yoast.com\/product\/yoast-seo-wordpress\/ -->\n<title>politica de privacidad - Pr\u00e0ctic-Llum<\/title>\n<meta name=\"robots\" content=\"index, follow, max-snippet:-1, max-image-preview:large, max-video-preview:-1\" \/>\n<link rel=\"canonical\" href=\"http:\/\/practic-llum.com\/politica-de-privacidad\/\" \/>\n<meta property=\"og:locale\" content=\"ca_ES\" \/>\n<meta property=\"og:type\" content=\"article\" \/>\n<meta property=\"og:title\" content=\"politica de privacidad - Pr\u00e0ctic-Llum\" \/>\n<meta property=\"og:url\" content=\"http:\/\/practic-llum.com\/politica-de-privacidad\/\" \/>\n<meta property=\"og:site_name\" content=\"Pr\u00e0ctic-Llum\" \/>\n<meta property=\"article:publisher\" content=\"https:\/\/www.facebook.com\/practicllumiluminacion\" \/>\n<meta property=\"article:modified_time\" content=\"2018-05-24T17:58:57+00:00\" \/>\n<meta name=\"twitter:card\" content=\"summary_large_image\" \/>\n<meta name=\"twitter:site\" content=\"@PRACTICLLUM\" \/>\n<meta name=\"twitter:label1\" content=\"Est. reading time\" \/>\n\t<meta name=\"twitter:data1\" content=\"4 minutes\" \/>\n<script type=\"application\/ld+json\" class=\"yoast-schema-graph\">{\"@context\":\"https:\/\/schema.org\",\"@graph\":[{\"@type\":\"WebPage\",\"@id\":\"http:\/\/practic-llum.com\/politica-de-privacidad\/\",\"url\":\"http:\/\/practic-llum.com\/politica-de-privacidad\/\",\"name\":\"politica de privacidad - Pr\u00e0ctic-Llum\",\"isPartOf\":{\"@id\":\"http:\/\/practic-llum.com\/#website\"},\"datePublished\":\"2018-05-24T17:56:04+00:00\",\"dateModified\":\"2018-05-24T17:58:57+00:00\",\"breadcrumb\":{\"@id\":\"http:\/\/practic-llum.com\/politica-de-privacidad\/#breadcrumb\"},\"inLanguage\":\"ca-ES\",\"potentialAction\":[{\"@type\":\"ReadAction\",\"target\":[\"http:\/\/practic-llum.com\/politica-de-privacidad\/\"]}]},{\"@type\":\"BreadcrumbList\",\"@id\":\"http:\/\/practic-llum.com\/politica-de-privacidad\/#breadcrumb\",\"itemListElement\":[{\"@type\":\"ListItem\",\"position\":1,\"name\":\"Portada\",\"item\":\"http:\/\/practic-llum.com\/\"},{\"@type\":\"ListItem\",\"position\":2,\"name\":\"politica de privacidad\"}]},{\"@type\":\"WebSite\",\"@id\":\"http:\/\/practic-llum.com\/#website\",\"url\":\"http:\/\/practic-llum.com\/\",\"name\":\"Practic-llum.com\",\"description\":\"A Pr\u00e0ctic-llum som especialistes en il\u00b7luminaci\u00f3, oferim a Lleida la major varietat de llums decoratives i material el\u00e8ctric. Disposem d\u2019una \u00e0mplia varietat d\u2019articles de les millors marques del mercat, amb totes les novetats tecnol\u00f2giques i les \u00faltimes tend\u00e8ncies de l\u2019any. Els nostres productes van dirigdos a l\u2019estalvi energ\u00e8tic ia la protecci\u00f3 del medi ambient.\",\"publisher\":{\"@id\":\"http:\/\/practic-llum.com\/#organization\"},\"potentialAction\":[{\"@type\":\"SearchAction\",\"target\":{\"@type\":\"EntryPoint\",\"urlTemplate\":\"http:\/\/practic-llum.com\/?s={search_term_string}\"},\"query-input\":{\"@type\":\"PropertyValueSpecification\",\"valueRequired\":true,\"valueName\":\"search_term_string\"}}],\"inLanguage\":\"ca-ES\"},{\"@type\":\"Organization\",\"@id\":\"http:\/\/practic-llum.com\/#organization\",\"name\":\"PRACTIC-LLUM\",\"url\":\"http:\/\/practic-llum.com\/\",\"logo\":{\"@type\":\"ImageObject\",\"inLanguage\":\"ca-ES\",\"@id\":\"http:\/\/practic-llum.com\/#\/schema\/logo\/image\/\",\"url\":\"http:\/\/practic-llum.com\/wp-content\/uploads\/2017\/05\/logo-banner-principal.jpg\",\"contentUrl\":\"http:\/\/practic-llum.com\/wp-content\/uploads\/2017\/05\/logo-banner-principal.jpg\",\"width\":1240,\"height\":668,\"caption\":\"PRACTIC-LLUM\"},\"image\":{\"@id\":\"http:\/\/practic-llum.com\/#\/schema\/logo\/image\/\"},\"sameAs\":[\"https:\/\/www.facebook.com\/practicllumiluminacion\",\"https:\/\/x.com\/PRACTICLLUM\",\"https:\/\/www.instagram.com\/practicllum\/\",\"https:\/\/www.linkedin.com\/company\/10390022\/admin\/updates\/\"]}]}<\/script>\n<!-- \/ Yoast SEO plugin. -->","yoast_head_json":{"title":"politica de privacidad - Pr\u00e0ctic-Llum","robots":{"index":"index","follow":"follow","max-snippet":"max-snippet:-1","max-image-preview":"max-image-preview:large","max-video-preview":"max-video-preview:-1"},"canonical":"http:\/\/practic-llum.com\/politica-de-privacidad\/","og_locale":"ca_ES","og_type":"article","og_title":"politica de privacidad - Pr\u00e0ctic-Llum","og_url":"http:\/\/practic-llum.com\/politica-de-privacidad\/","og_site_name":"Pr\u00e0ctic-Llum","article_publisher":"https:\/\/www.facebook.com\/practicllumiluminacion","article_modified_time":"2018-05-24T17:58:57+00:00","twitter_card":"summary_large_image","twitter_site":"@PRACTICLLUM","twitter_misc":{"Est. reading time":"4 minutes"},"schema":{"@context":"https:\/\/schema.org","@graph":[{"@type":"WebPage","@id":"http:\/\/practic-llum.com\/politica-de-privacidad\/","url":"http:\/\/practic-llum.com\/politica-de-privacidad\/","name":"politica de privacidad - Pr\u00e0ctic-Llum","isPartOf":{"@id":"http:\/\/practic-llum.com\/#website"},"datePublished":"2018-05-24T17:56:04+00:00","dateModified":"2018-05-24T17:58:57+00:00","breadcrumb":{"@id":"http:\/\/practic-llum.com\/politica-de-privacidad\/#breadcrumb"},"inLanguage":"ca-ES","potentialAction":[{"@type":"ReadAction","target":["http:\/\/practic-llum.com\/politica-de-privacidad\/"]}]},{"@type":"BreadcrumbList","@id":"http:\/\/practic-llum.com\/politica-de-privacidad\/#breadcrumb","itemListElement":[{"@type":"ListItem","position":1,"name":"Portada","item":"http:\/\/practic-llum.com\/"},{"@type":"ListItem","position":2,"name":"politica de privacidad"}]},{"@type":"WebSite","@id":"http:\/\/practic-llum.com\/#website","url":"http:\/\/practic-llum.com\/","name":"Practic-llum.com","description":"A Pr\u00e0ctic-llum som especialistes en il\u00b7luminaci\u00f3, oferim a Lleida la major varietat de llums decoratives i material el\u00e8ctric. Disposem d\u2019una \u00e0mplia varietat d\u2019articles de les millors marques del mercat, amb totes les novetats tecnol\u00f2giques i les \u00faltimes tend\u00e8ncies de l\u2019any. Els nostres productes van dirigdos a l\u2019estalvi energ\u00e8tic ia la protecci\u00f3 del medi ambient.","publisher":{"@id":"http:\/\/practic-llum.com\/#organization"},"potentialAction":[{"@type":"SearchAction","target":{"@type":"EntryPoint","urlTemplate":"http:\/\/practic-llum.com\/?s={search_term_string}"},"query-input":{"@type":"PropertyValueSpecification","valueRequired":true,"valueName":"search_term_string"}}],"inLanguage":"ca-ES"},{"@type":"Organization","@id":"http:\/\/practic-llum.com\/#organization","name":"PRACTIC-LLUM","url":"http:\/\/practic-llum.com\/","logo":{"@type":"ImageObject","inLanguage":"ca-ES","@id":"http:\/\/practic-llum.com\/#\/schema\/logo\/image\/","url":"http:\/\/practic-llum.com\/wp-content\/uploads\/2017\/05\/logo-banner-principal.jpg","contentUrl":"http:\/\/practic-llum.com\/wp-content\/uploads\/2017\/05\/logo-banner-principal.jpg","width":1240,"height":668,"caption":"PRACTIC-LLUM"},"image":{"@id":"http:\/\/practic-llum.com\/#\/schema\/logo\/image\/"},"sameAs":["https:\/\/www.facebook.com\/practicllumiluminacion","https:\/\/x.com\/PRACTICLLUM","https:\/\/www.instagram.com\/practicllum\/","https:\/\/www.linkedin.com\/company\/10390022\/admin\/updates\/"]}]}},"_links":{"self":[{"href":"http:\/\/practic-llum.com\/ac\/wp-json\/wp\/v2\/pages\/2166","targetHints":{"allow":["GET"]}}],"collection":[{"href":"http:\/\/practic-llum.com\/ac\/wp-json\/wp\/v2\/pages"}],"about":[{"href":"http:\/\/practic-llum.com\/ac\/wp-json\/wp\/v2\/types\/page"}],"author":[{"embeddable":true,"href":"http:\/\/practic-llum.com\/ac\/wp-json\/wp\/v2\/users\/1"}],"replies":[{"embeddable":true,"href":"http:\/\/practic-llum.com\/ac\/wp-json\/wp\/v2\/comments?post=2166"}],"version-history":[{"count":3,"href":"http:\/\/practic-llum.com\/ac\/wp-json\/wp\/v2\/pages\/2166\/revisions"}],"predecessor-version":[{"id":2378,"href":"http:\/\/practic-llum.com\/ac\/wp-json\/wp\/v2\/pages\/2166\/revisions\/2378"}],"wp:attachment":[{"href":"http:\/\/practic-llum.com\/ac\/wp-json\/wp\/v2\/media?parent=2166"}],"curies":[{"name":"wp","href":"https:\/\/api.w.org\/{rel}","templated":true}]}}